{"id":2,"date":"2016-05-10T03:48:21","date_gmt":"2016-05-10T03:48:21","guid":{"rendered":"http:\/\/cadenas4x4.com\/?page_id=2"},"modified":"2021-01-14T18:49:09","modified_gmt":"2021-01-14T18:49:09","slug":"sample-page","status":"publish","type":"page","link":"https:\/\/cadenas4x4.com\/?page_id=2","title":{"rendered":"CONTACTO"},"content":{"rendered":"<p><img fetchpriority=\"high\" decoding=\"async\" class=\"size-full wp-image-157 alignright\" src=\"https:\/\/cadenas4x4.com\/wp-content\/uploads\/2018\/12\/ruedasb.jpg\" alt=\"\" width=\"266\" height=\"237\" \/>Puedes solicitar precios para comprar nuestras cadenas\u00a0para nieve, barro y hielo, introduciendo los datos de tus ruedas en el formulario de esta p\u00e1gina. Tendr\u00e1s que leer los n\u00fameros que aparecen en el costado de los neum\u00e1ticos e introducirlos en el formulario para que podamos calcular el precio de tus cadenas.<\/p>\n<p>Por ejemplo, si en el neum\u00e1tico lees <strong>215\/65 R 16<\/strong>, significa lo siguiente:<\/p>\n<p>El ancho del neum\u00e1tico (o de la huella, si prefieres), en mil\u00edmetros, es 215.<\/p>\n<p>El perfil (la relaci\u00f3n entre alto y ancho) es 65%.<\/p>\n<p>El di\u00e1metro de la llanta, en pulgadas, es 16&#8243;.<\/p>\n<h2><strong>EJEMPLOS DE PRECIOS<\/strong><\/h2>\n<p>Juego de 2 cadenas STANDARD, di\u00e1metro cadena 7mm, <strong>255\/75 R 17<\/strong>:\u00a0 \u00a0 \u00a0\u00a0<strong> 231,00\u20ac + IVA<\/strong><\/p>\n<p>Juego de 2 cadenas PRO, di\u00e1metro cadena 7mm, <strong>255\/75 R 17<\/strong>:\u00a0 \u00a0 \u00a0\u00a0<strong> 296,00<\/strong><strong>\u20ac + IVA<\/strong><\/p>\n<p>Juego de 2 cadenas XTREME, di\u00e1metro cadena 7mm, <strong>255\/75 R 17<\/strong>:\u00a0 \u00a0 \u00a0\u00a0<strong> 275,20\u20ac + IVA<\/strong><\/p>\n<h2><strong>ENV\u00cdO<\/strong><\/h2>\n<p>Los gastos de env\u00edo son gratis y el plazo de entrega es de 10 d\u00edas, aproximadamente.<\/p>\n<h2><strong>FORMULARIO PARA SOLICITUD DE PRECIOS<\/strong><\/h2>\n\n<div class=\"wpcf7 no-js\" id=\"wpcf7-f38-o1\" lang=\"es-ES\" dir=\"ltr\" data-wpcf7-id=\"38\">\n<div class=\"screen-reader-response\"><p role=\"status\" aria-live=\"polite\" aria-atomic=\"true\"><\/p> <ul><\/ul><\/div>\n<form action=\"\/index.php?rest_route=%2Fwp%2Fv2%2Fpages%2F2#wpcf7-f38-o1\" method=\"post\" class=\"wpcf7-form init\" aria-label=\"Formulario de contacto\" novalidate=\"novalidate\" data-status=\"init\">\n<fieldset class=\"hidden-fields-container\"><input type=\"hidden\" name=\"_wpcf7\" value=\"38\" \/><input type=\"hidden\" name=\"_wpcf7_version\" value=\"6.1.5\" \/><input type=\"hidden\" name=\"_wpcf7_locale\" value=\"es_ES\" \/><input type=\"hidden\" name=\"_wpcf7_unit_tag\" value=\"wpcf7-f38-o1\" \/><input type=\"hidden\" name=\"_wpcf7_container_post\" value=\"0\" \/><input type=\"hidden\" name=\"_wpcf7_posted_data_hash\" value=\"\" \/>\n<\/fieldset>\n<p><label>Tu nombre: * (requerido)<br \/>\n<span class=\"wpcf7-form-control-wrap\" data-name=\"your-name\"><input size=\"40\" maxlength=\"400\" class=\"wpcf7-form-control wpcf7-text wpcf7-validates-as-required\" aria-required=\"true\" aria-invalid=\"false\" value=\"\" type=\"text\" name=\"your-name\" \/><\/span> <\/label>\n<\/p>\n<p><label>Tu correo electr\u00f3nico: * (requerido)<br \/>\n<span class=\"wpcf7-form-control-wrap\" data-name=\"your-email\"><input size=\"40\" maxlength=\"400\" class=\"wpcf7-form-control wpcf7-email wpcf7-validates-as-required wpcf7-text wpcf7-validates-as-email\" aria-required=\"true\" aria-invalid=\"false\" value=\"\" type=\"email\" name=\"your-email\" \/><\/span> <\/label>\n<\/p>\n<p>MEDIDAS DE LA RUEDA\n<\/p>\n<p><label>Ancho del neum\u00e1tico:<br \/>\n<span class=\"wpcf7-form-control-wrap\" data-name=\"ancho\"><input class=\"wpcf7-form-control wpcf7-number wpcf7-validates-as-number\" min=\"125\" max=\"335\" aria-invalid=\"false\" value=\"\" type=\"number\" name=\"ancho\" \/><\/span><\/label>\n<\/p>\n<p><label>Perfil:<br \/>\n<span class=\"wpcf7-form-control-wrap\" data-name=\"perfil\"><input class=\"wpcf7-form-control wpcf7-number wpcf7-validates-as-number\" min=\"35\" max=\"90\" aria-invalid=\"false\" value=\"\" type=\"number\" name=\"perfil\" \/><\/span><\/label>\n<\/p>\n<p><label>Di\u00e1metro dela rueda en pulgadas:<br \/>\n<span class=\"wpcf7-form-control-wrap\" data-name=\"pulgadas\"><input class=\"wpcf7-form-control wpcf7-number wpcf7-validates-as-number\" min=\"10\" max=\"30\" aria-invalid=\"false\" value=\"\" type=\"number\" name=\"pulgadas\" \/><\/span><\/label>\n<\/p>\n<p><label>Modelo:<br \/>\n<span class=\"wpcf7-form-control-wrap\" data-name=\"modelo\"><select class=\"wpcf7-form-control wpcf7-select\" aria-invalid=\"false\" name=\"modelo\"><option value=\"STANDARD\">STANDARD<\/option><option value=\"XTREME\">XTREME<\/option><\/select><\/span><\/label>\n<\/p>\n<p><label> Tu mensaje:<br \/>\n<span class=\"wpcf7-form-control-wrap\" data-name=\"your-message\"><textarea cols=\"40\" rows=\"10\" maxlength=\"2000\" class=\"wpcf7-form-control wpcf7-textarea\" aria-invalid=\"false\" name=\"your-message\"><\/textarea><\/span><\/label>\n<\/p>\n<p><label> Aceptaci\u00f3n tratamiento de datos * (requerido)<\/label><br \/>\n<span class=\"wpcf7-form-control-wrap\" data-name=\"checkbox-547\"><span class=\"wpcf7-form-control wpcf7-checkbox wpcf7-validates-as-required\"><span class=\"wpcf7-list-item first last\"><input type=\"checkbox\" name=\"checkbox-547[]\" value=\"Estoy de acuerdo con el tratamiento de mis datos para dar respuesta a este formulario.\" \/><span class=\"wpcf7-list-item-label\">Estoy de acuerdo con el tratamiento de mis datos para dar respuesta a este formulario.<\/span><\/span><\/span><\/span>\n<\/p>\n<p>De conformidad con lo establecido en el REGLAMENTO (UE) 2016\/679 de protecci\u00f3n de datos de car\u00e1cter personal, le informamos que los datos que usted nos facilite ser\u00e1n incorporados al sistema de tratamiento titularidad de REPAROMAQUINAS S.L. con el nombre comercial CADENAS 4X4 XTREME, con CIF B-39859201 y domicilio social sito en Barrio la Esprilla, n\u00ba6C Urb. Santa Cristina 14C, 39560 Igollo de Camargo (CANTABRIA), con la finalidad de RESPONDER A SU CONSULTA O SUGERENCIA. Se proceder\u00e1 a tratar los datos de manera licita, leal, transparente, adecuada,pertinente, limitada exacta y actualizada. Mientras no nos comunique lo contrario, entenderemos que sus datos no han sido modificados y que usted se compromete a notificarnos cualquier variaci\u00f3n. De acuerdo con los derechos que le confiere la normativa vigente podr\u00e1 ejercer los derechos de acceso, rectificaci\u00f3n, limitaci\u00f3n de tratamiento, supresi\u00f3n, portabilidad y oposici\u00f3n al tratamientos de sus datos de car\u00e1cter personal as\u00ed como recovar el consentimiento prestado, dirigiendo su petici\u00f3n a la direcci\u00f3n postal indicada o al correo electr\u00f3nico info@cadenas4x4.com y podr\u00e1 dirigirse a la Autoridad de Control competente para presentar la reclamaci\u00f3n que considere oportuna.\n<\/p>\n<p><input class=\"wpcf7-form-control wpcf7-submit has-spinner\" type=\"submit\" value=\"Enviar\" \/>\n<\/p><p style=\"display: none !important;\" class=\"akismet-fields-container\" data-prefix=\"_wpcf7_ak_\"><label>&#916;<textarea name=\"_wpcf7_ak_hp_textarea\" cols=\"45\" rows=\"8\" maxlength=\"100\"><\/textarea><\/label><input type=\"hidden\" id=\"ak_js_1\" name=\"_wpcf7_ak_js\" value=\"198\"\/><script>document.getElementById( \"ak_js_1\" ).setAttribute( \"value\", ( new Date() ).getTime() );<\/script><\/p><div class=\"wpcf7-response-output\" aria-hidden=\"true\"><\/div>\n<\/form>\n<\/div>\n\n<p style=\"text-align: center;\"><strong><em>Cadenas extremas para veh\u00edculos 4&#215;4, en nieve, hielo y barro<\/em><\/strong><\/p>\n<h4 style=\"text-align: center;\"><strong>649 11 30 55 \u2013 617 06 13 21 &#8211;\u00a0 info@cadenas4x4.com<\/strong><\/h4>\n","protected":false},"excerpt":{"rendered":"<p>Puedes solicitar precios para comprar nuestras cadenas\u00a0para nieve, barro y hielo, introduciendo los datos de tus ruedas en el formulario de esta p\u00e1gina. Tendr\u00e1s que leer los n\u00fameros que aparecen en el costado de los neum\u00e1ticos e introducirlos en el &hellip; <a href=\"https:\/\/cadenas4x4.com\/?page_id=2\">Leer m&aacute;s<\/a><\/p>\n","protected":false},"author":1,"featured_media":0,"parent":0,"menu_order":0,"comment_status":"closed","ping_status":"closed","template":"page-contact.php","meta":{"footnotes":""},"class_list":["post-2","page","type-page","status-publish","hentry"],"yoast_head":"<!-- This site is optimized with the Yoast SEO plugin v26.9 - https:\/\/yoast.com\/product\/yoast-seo-wordpress\/ -->\n<title>CONTACTO - CADENAS EXTREMAS 4X4<\/title>\n<meta name=\"robots\" content=\"noindex, nofollow\" \/>\n<meta property=\"og:locale\" content=\"es_ES\" \/>\n<meta property=\"og:type\" content=\"article\" \/>\n<meta property=\"og:title\" content=\"CONTACTO - CADENAS EXTREMAS 4X4\" \/>\n<meta property=\"og:description\" content=\"Puedes solicitar precios para comprar nuestras cadenas\u00a0para nieve, barro y hielo, introduciendo los datos de tus ruedas en el formulario de esta p\u00e1gina. Tendr\u00e1s que leer los n\u00fameros que aparecen en el costado de los neum\u00e1ticos e introducirlos en el &hellip; Leer m&aacute;s\" \/>\n<meta property=\"og:url\" content=\"https:\/\/cadenas4x4.com\/?page_id=2\" \/>\n<meta property=\"og:site_name\" content=\"CADENAS EXTREMAS 4X4\" \/>\n<meta property=\"article:modified_time\" content=\"2021-01-14T18:49:09+00:00\" \/>\n<meta property=\"og:image\" content=\"https:\/\/cadenas4x4.com\/wp-content\/uploads\/2018\/12\/ruedasb.jpg\" \/>\n<meta name=\"twitter:card\" content=\"summary_large_image\" \/>\n<meta name=\"twitter:label1\" content=\"Tiempo de lectura\" \/>\n\t<meta name=\"twitter:data1\" content=\"1 minuto\" \/>\n<script type=\"application\/ld+json\" class=\"yoast-schema-graph\">{\"@context\":\"https:\/\/schema.org\",\"@graph\":[{\"@type\":\"WebPage\",\"@id\":\"https:\/\/cadenas4x4.com\/?page_id=2\",\"url\":\"https:\/\/cadenas4x4.com\/?page_id=2\",\"name\":\"CONTACTO - CADENAS EXTREMAS 4X4\",\"isPartOf\":{\"@id\":\"https:\/\/cadenas4x4.com\/#website\"},\"primaryImageOfPage\":{\"@id\":\"https:\/\/cadenas4x4.com\/?page_id=2#primaryimage\"},\"image\":{\"@id\":\"https:\/\/cadenas4x4.com\/?page_id=2#primaryimage\"},\"thumbnailUrl\":\"https:\/\/cadenas4x4.com\/wp-content\/uploads\/2018\/12\/ruedasb.jpg\",\"datePublished\":\"2016-05-10T03:48:21+00:00\",\"dateModified\":\"2021-01-14T18:49:09+00:00\",\"breadcrumb\":{\"@id\":\"https:\/\/cadenas4x4.com\/?page_id=2#breadcrumb\"},\"inLanguage\":\"es\",\"potentialAction\":[{\"@type\":\"ReadAction\",\"target\":[\"https:\/\/cadenas4x4.com\/?page_id=2\"]}]},{\"@type\":\"ImageObject\",\"inLanguage\":\"es\",\"@id\":\"https:\/\/cadenas4x4.com\/?page_id=2#primaryimage\",\"url\":\"https:\/\/cadenas4x4.com\/wp-content\/uploads\/2018\/12\/ruedasb.jpg\",\"contentUrl\":\"https:\/\/cadenas4x4.com\/wp-content\/uploads\/2018\/12\/ruedasb.jpg\",\"width\":266,\"height\":237},{\"@type\":\"BreadcrumbList\",\"@id\":\"https:\/\/cadenas4x4.com\/?page_id=2#breadcrumb\",\"itemListElement\":[{\"@type\":\"ListItem\",\"position\":1,\"name\":\"Portada\",\"item\":\"https:\/\/cadenas4x4.com\/\"},{\"@type\":\"ListItem\",\"position\":2,\"name\":\"CONTACTO\"}]},{\"@type\":\"WebSite\",\"@id\":\"https:\/\/cadenas4x4.com\/#website\",\"url\":\"https:\/\/cadenas4x4.com\/\",\"name\":\"CADENAS EXTREMAS 4X4\",\"description\":\"Cadenas extremas para nieve, barro y hielo\",\"potentialAction\":[{\"@type\":\"SearchAction\",\"target\":{\"@type\":\"EntryPoint\",\"urlTemplate\":\"https:\/\/cadenas4x4.com\/?s={search_term_string}\"},\"query-input\":{\"@type\":\"PropertyValueSpecification\",\"valueRequired\":true,\"valueName\":\"search_term_string\"}}],\"inLanguage\":\"es\"}]}<\/script>\n<!-- \/ Yoast SEO plugin. -->","yoast_head_json":{"title":"CONTACTO - CADENAS EXTREMAS 4X4","robots":{"index":"noindex","follow":"nofollow"},"og_locale":"es_ES","og_type":"article","og_title":"CONTACTO - CADENAS EXTREMAS 4X4","og_description":"Puedes solicitar precios para comprar nuestras cadenas\u00a0para nieve, barro y hielo, introduciendo los datos de tus ruedas en el formulario de esta p\u00e1gina. Tendr\u00e1s que leer los n\u00fameros que aparecen en el costado de los neum\u00e1ticos e introducirlos en el &hellip; Leer m&aacute;s","og_url":"https:\/\/cadenas4x4.com\/?page_id=2","og_site_name":"CADENAS EXTREMAS 4X4","article_modified_time":"2021-01-14T18:49:09+00:00","og_image":[{"url":"https:\/\/cadenas4x4.com\/wp-content\/uploads\/2018\/12\/ruedasb.jpg","type":"","width":"","height":""}],"twitter_card":"summary_large_image","twitter_misc":{"Tiempo de lectura":"1 minuto"},"schema":{"@context":"https:\/\/schema.org","@graph":[{"@type":"WebPage","@id":"https:\/\/cadenas4x4.com\/?page_id=2","url":"https:\/\/cadenas4x4.com\/?page_id=2","name":"CONTACTO - CADENAS EXTREMAS 4X4","isPartOf":{"@id":"https:\/\/cadenas4x4.com\/#website"},"primaryImageOfPage":{"@id":"https:\/\/cadenas4x4.com\/?page_id=2#primaryimage"},"image":{"@id":"https:\/\/cadenas4x4.com\/?page_id=2#primaryimage"},"thumbnailUrl":"https:\/\/cadenas4x4.com\/wp-content\/uploads\/2018\/12\/ruedasb.jpg","datePublished":"2016-05-10T03:48:21+00:00","dateModified":"2021-01-14T18:49:09+00:00","breadcrumb":{"@id":"https:\/\/cadenas4x4.com\/?page_id=2#breadcrumb"},"inLanguage":"es","potentialAction":[{"@type":"ReadAction","target":["https:\/\/cadenas4x4.com\/?page_id=2"]}]},{"@type":"ImageObject","inLanguage":"es","@id":"https:\/\/cadenas4x4.com\/?page_id=2#primaryimage","url":"https:\/\/cadenas4x4.com\/wp-content\/uploads\/2018\/12\/ruedasb.jpg","contentUrl":"https:\/\/cadenas4x4.com\/wp-content\/uploads\/2018\/12\/ruedasb.jpg","width":266,"height":237},{"@type":"BreadcrumbList","@id":"https:\/\/cadenas4x4.com\/?page_id=2#breadcrumb","itemListElement":[{"@type":"ListItem","position":1,"name":"Portada","item":"https:\/\/cadenas4x4.com\/"},{"@type":"ListItem","position":2,"name":"CONTACTO"}]},{"@type":"WebSite","@id":"https:\/\/cadenas4x4.com\/#website","url":"https:\/\/cadenas4x4.com\/","name":"CADENAS EXTREMAS 4X4","description":"Cadenas extremas para nieve, barro y hielo","potentialAction":[{"@type":"SearchAction","target":{"@type":"EntryPoint","urlTemplate":"https:\/\/cadenas4x4.com\/?s={search_term_string}"},"query-input":{"@type":"PropertyValueSpecification","valueRequired":true,"valueName":"search_term_string"}}],"inLanguage":"es"}]}},"_links":{"self":[{"href":"https:\/\/cadenas4x4.com\/index.php?rest_route=\/wp\/v2\/pages\/2","targetHints":{"allow":["GET"]}}],"collection":[{"href":"https:\/\/cadenas4x4.com\/index.php?rest_route=\/wp\/v2\/pages"}],"about":[{"href":"https:\/\/cadenas4x4.com\/index.php?rest_route=\/wp\/v2\/types\/page"}],"author":[{"embeddable":true,"href":"https:\/\/cadenas4x4.com\/index.php?rest_route=\/wp\/v2\/users\/1"}],"replies":[{"embeddable":true,"href":"https:\/\/cadenas4x4.com\/index.php?rest_route=%2Fwp%2Fv2%2Fcomments&post=2"}],"version-history":[{"count":28,"href":"https:\/\/cadenas4x4.com\/index.php?rest_route=\/wp\/v2\/pages\/2\/revisions"}],"predecessor-version":[{"id":194,"href":"https:\/\/cadenas4x4.com\/index.php?rest_route=\/wp\/v2\/pages\/2\/revisions\/194"}],"wp:attachment":[{"href":"https:\/\/cadenas4x4.com\/index.php?rest_route=%2Fwp%2Fv2%2Fmedia&parent=2"}],"curies":[{"name":"wp","href":"https:\/\/api.w.org\/{rel}","templated":true}]}}